{"id":302,"date":"2023-09-25T16:04:40","date_gmt":"2023-09-25T16:04:40","guid":{"rendered":"https:\/\/staging.spenglerei-frei.ch\/?page_id=302"},"modified":"2023-10-26T13:14:11","modified_gmt":"2023-10-26T13:14:11","slug":"impressum_datenschutz","status":"publish","type":"page","link":"https:\/\/spenglerei-frei.ch\/index.php\/impressum_datenschutz\/","title":{"rendered":"Impressum | Datenschutz"},"content":{"rendered":"\t\t<div data-elementor-type=\"wp-page\" data-elementor-id=\"302\" class=\"elementor elementor-302\" data-elementor-post-type=\"page\">\n\t\t\t\t<div class=\"elementor-element elementor-element-76c5199 e-flex e-con-boxed e-con e-parent\" data-id=\"76c5199\" data-element_type=\"container\" data-core-v316-plus=\"true\">\n\t\t\t\t\t<div class=\"e-con-inner\">\n\t\t\t\t<div class=\"elementor-element elementor-element-2a9b658 elementor-tabs-view-horizontal elementor-widget elementor-widget-tabs\" data-id=\"2a9b658\" data-element_type=\"widget\" data-widget_type=\"tabs.default\">\n\t\t\t\t<div class=\"elementor-widget-container\">\n\t\t\t<style>\/*! elementor - v3.20.0 - 26-03-2024 *\/\n.elementor-widget-tabs.elementor-tabs-view-vertical .elementor-tabs-wrapper{width:25%;flex-shrink:0}.elementor-widget-tabs.elementor-tabs-view-vertical .elementor-tab-desktop-title.elementor-active{border-right-style:none}.elementor-widget-tabs.elementor-tabs-view-vertical .elementor-tab-desktop-title.elementor-active:after,.elementor-widget-tabs.elementor-tabs-view-vertical .elementor-tab-desktop-title.elementor-active:before{height:999em;width:0;right:0;border-right-style:solid}.elementor-widget-tabs.elementor-tabs-view-vertical .elementor-tab-desktop-title.elementor-active:before{top:0;transform:translateY(-100%)}.elementor-widget-tabs.elementor-tabs-view-vertical .elementor-tab-desktop-title.elementor-active:after{top:100%}.elementor-widget-tabs.elementor-tabs-view-horizontal .elementor-tab-desktop-title{display:table-cell}.elementor-widget-tabs.elementor-tabs-view-horizontal .elementor-tab-desktop-title.elementor-active{border-bottom-style:none}.elementor-widget-tabs.elementor-tabs-view-horizontal .elementor-tab-desktop-title.elementor-active:after,.elementor-widget-tabs.elementor-tabs-view-horizontal .elementor-tab-desktop-title.elementor-active:before{bottom:0;height:0;width:999em;border-bottom-style:solid}.elementor-widget-tabs.elementor-tabs-view-horizontal .elementor-tab-desktop-title.elementor-active:before{right:100%}.elementor-widget-tabs.elementor-tabs-view-horizontal .elementor-tab-desktop-title.elementor-active:after{left:100%}.elementor-widget-tabs .elementor-tab-content,.elementor-widget-tabs .elementor-tab-title,.elementor-widget-tabs .elementor-tab-title:after,.elementor-widget-tabs .elementor-tab-title:before,.elementor-widget-tabs .elementor-tabs-content-wrapper{border:1px #d5d8dc}.elementor-widget-tabs .elementor-tabs{text-align:left}.elementor-widget-tabs .elementor-tabs-wrapper{overflow:hidden}.elementor-widget-tabs .elementor-tab-title{cursor:pointer;outline:var(--focus-outline,none)}.elementor-widget-tabs .elementor-tab-desktop-title{position:relative;padding:20px 25px;font-weight:700;line-height:1;border:solid transparent}.elementor-widget-tabs .elementor-tab-desktop-title.elementor-active{border-color:#d5d8dc}.elementor-widget-tabs .elementor-tab-desktop-title.elementor-active:after,.elementor-widget-tabs .elementor-tab-desktop-title.elementor-active:before{display:block;content:\"\";position:absolute}.elementor-widget-tabs .elementor-tab-desktop-title:focus-visible{border:1px solid #000}.elementor-widget-tabs .elementor-tab-mobile-title{padding:10px;cursor:pointer}.elementor-widget-tabs .elementor-tab-content{padding:20px;display:none}@media (max-width:767px){.elementor-tabs .elementor-tab-content,.elementor-tabs .elementor-tab-title{border-style:solid solid none}.elementor-tabs .elementor-tabs-wrapper{display:none}.elementor-tabs .elementor-tabs-content-wrapper{border-bottom-style:solid}.elementor-tabs .elementor-tab-content{padding:10px}}@media (min-width:768px){.elementor-widget-tabs.elementor-tabs-view-vertical .elementor-tabs{display:flex}.elementor-widget-tabs.elementor-tabs-view-vertical .elementor-tabs-wrapper{flex-direction:column}.elementor-widget-tabs.elementor-tabs-view-vertical .elementor-tabs-content-wrapper{flex-grow:1;border-style:solid solid solid none}.elementor-widget-tabs.elementor-tabs-view-horizontal .elementor-tab-content{border-style:none solid solid}.elementor-widget-tabs.elementor-tabs-alignment-center .elementor-tabs-wrapper,.elementor-widget-tabs.elementor-tabs-alignment-end .elementor-tabs-wrapper,.elementor-widget-tabs.elementor-tabs-alignment-stretch .elementor-tabs-wrapper{display:flex}.elementor-widget-tabs.elementor-tabs-alignment-center .elementor-tabs-wrapper{justify-content:center}.elementor-widget-tabs.elementor-tabs-alignment-end .elementor-tabs-wrapper{justify-content:flex-end}.elementor-widget-tabs.elementor-tabs-alignment-stretch.elementor-tabs-view-horizontal .elementor-tab-title{width:100%}.elementor-widget-tabs.elementor-tabs-alignment-stretch.elementor-tabs-view-vertical .elementor-tab-title{height:100%}.elementor-tabs .elementor-tab-mobile-title{display:none}}<\/style>\t\t<div class=\"elementor-tabs\">\n\t\t\t<div class=\"elementor-tabs-wrapper\" role=\"tablist\" >\n\t\t\t\t\t\t\t\t\t<div id=\"elementor-tab-title-4461\" class=\"elementor-tab-title elementor-tab-desktop-title\" aria-selected=\"true\" data-tab=\"1\" role=\"tab\" tabindex=\"0\" aria-controls=\"elementor-tab-content-4461\" aria-expanded=\"false\">Impressum<\/div>\n\t\t\t\t\t\t\t\t\t<div id=\"elementor-tab-title-4462\" class=\"elementor-tab-title elementor-tab-desktop-title\" aria-selected=\"false\" data-tab=\"2\" role=\"tab\" tabindex=\"-1\" aria-controls=\"elementor-tab-content-4462\" aria-expanded=\"false\">Datenschutz<\/div>\n\t\t\t\t\t\t\t\t\t<div id=\"elementor-tab-title-4463\" class=\"elementor-tab-title elementor-tab-desktop-title\" aria-selected=\"false\" data-tab=\"3\" role=\"tab\" tabindex=\"-1\" aria-controls=\"elementor-tab-content-4463\" aria-expanded=\"false\">Konzept, Design & Umsetzung<\/div>\n\t\t\t\t\t\t\t<\/div>\n\t\t\t<div class=\"elementor-tabs-content-wrapper\" role=\"tablist\" aria-orientation=\"vertical\">\n\t\t\t\t\t\t\t\t\t<div class=\"elementor-tab-title elementor-tab-mobile-title\" aria-selected=\"true\" data-tab=\"1\" role=\"tab\" tabindex=\"0\" aria-controls=\"elementor-tab-content-4461\" aria-expanded=\"false\">Impressum<\/div>\n\t\t\t\t\t<div id=\"elementor-tab-content-4461\" class=\"elementor-tab-content elementor-clearfix\" data-tab=\"1\" role=\"tabpanel\" aria-labelledby=\"elementor-tab-title-4461\" tabindex=\"0\" hidden=\"false\"><p><b>Kontakt-Adresse<\/b><\/p><p>Spenglerei Frei AG<br \/>Alpeli 1<br \/>8840 Trachslau<br \/>Schweiz<\/p><p>Telefon:<br \/><a href=\"tel:0554121828\">+41 55 412 18 28<\/a><\/p><p>E-Mail:<br \/><a href=\"javascript:DeCryptX('1j2p0f3r2B1t0p2g1o3j0l1f1s3h2k300f2t1f0i0.0c3k')\">info@spenglerei-frei.ch<\/a><\/p><p><b><span style=\"color: var( --e-global-color-text ); font-family: var( --e-global-typography-text-font-family ), Sans-serif; font-size: 1rem;\">Vertretungsberechtigte Person(en)<\/span><br \/><\/b><\/p><p>Walter Frei, Gesch\u00e4ftsf\u00fchrer<\/p><p>Kevin Frei, Gesch\u00e4ftsleitung<\/p><p><b>Handelsregister-Eintrag<\/b><\/p><p>Eingetragener Firmenname: Spenglerei Frei AG<br \/>Handelsregister Nr:\u00a0CH-130.0.010.235-5\u00a0<\/p><p><span style=\"color: var( --e-global-color-text ); font-family: var( --e-global-typography-text-font-family ), Sans-serif; font-size: 1rem;\"><b>Mehrwertsteuer-Nummer<\/b><\/span><\/p><p>CH-130.0.010.235-5<\/p><p><b>Rechtlicher Hinweis und Haftungsausschluss<\/b><\/p><p>S\u00e4mtliche Inhalte der Website dienen ausschliesslich zu Informationszwecken und stellen kein Angebot oder Verpflichtungen von Spenglerei Frei AG\u00a0dar. Spenglerei Frei AG\u00a0\u00fcbernimmt keine Gew\u00e4hr hinsichtlich der inhaltlichen Richtigkeit, Genauigkeit, Aktualit\u00e4t und Vollst\u00e4ndigkeit der Informationen und lehnt daher jegliche Haftung f\u00fcr s\u00e4mtliche Sch\u00e4den aus dem Zugriff oder der Nutzung der Website ab. Spenglerei Frei AG\u00a0beh\u00e4lt sich alle Rechte zur Anpassung, Ver\u00e4nderung, L\u00f6schung, Ver\u00f6ffentlichung oder Erg\u00e4nzung der Informationen auf dieser Website jederzeit und ohne Ank\u00fcndigung vor.<\/p><p>Spenglerei Frei AG lehnt jegliche Haftung ab f\u00fcr den Inhalt oder die Nutzung von Links Dritter, f\u00fcr welche ausschliesslich die Betreiber der entsprechenden Websites verantwortlich sind.<\/p><p>Die Urheber- und alle anderen Rechte an Inhalten, Bildern, Fotos oder anderen Dateien auf der Website geh\u00f6ren ausschliesslich Spenglerei Frei AG\u00a0oder den speziell genannten Rechtsinhabern. Die Reproduktion jeglicher Elemente ist ohne die explizite schriftliche Zustimmung der Urheberrechtstr\u00e4ger nicht gestattet. Spenglerei Frei AG, einschliesslich Logo, ist eine eingetragene Marke.<\/p><p><b>Urheberrechte<\/b><\/p><p>Die Urheber- und alle anderen Rechte an Inhalten, Bildern, Fotos oder anderen Dateien auf dieser Website, geh\u00f6ren ausschliesslich der Spenglerei Frei AG\u00a0oder den speziell genannten Rechteinhabern. F\u00fcr die Reproduktion jeglicher Elemente ist die schriftliche Zustimmung des Urheberrechtstr\u00e4gers im Voraus einzuholen.<\/p><\/div>\n\t\t\t\t\t\t\t\t\t<div class=\"elementor-tab-title elementor-tab-mobile-title\" aria-selected=\"false\" data-tab=\"2\" role=\"tab\" tabindex=\"-1\" aria-controls=\"elementor-tab-content-4462\" aria-expanded=\"false\">Datenschutz<\/div>\n\t\t\t\t\t<div id=\"elementor-tab-content-4462\" class=\"elementor-tab-content elementor-clearfix\" data-tab=\"2\" role=\"tabpanel\" aria-labelledby=\"elementor-tab-title-4462\" tabindex=\"0\" hidden=\"hidden\"><p><b>1. Datenschutzerkl\u00e4rung<\/b><b><\/b><\/p>\n<p>Spenglerei Frei AG ist sich bewusst, dass im t\u00e4glichen Gesch\u00e4ftsleben und in der Interaktion mit Kunden, Lieferanten, Partnern, Interessenten und Website-Besuchern personenbezogene Daten verarbeitet werden k\u00f6nnen. Die Sicherheit dieser Daten ist uns ein grosses Anliegen und wir setzen alles daran, dass Ihre personenbezogenen Daten sicher und rechtskonform verarbeitet werden.<br>Die nachfolgende Datenschutzerkl\u00e4rung zeigt auf, wie Spenglerei Frei AG diese Daten verarbeitet, welche Massnahmen zum Schutz dieser Daten getroffen werden und kl\u00e4rt Sie \u00fcber Ihre Rechte in Bezug auf Ihre personenbezogenen Daten auf.\u2028In dieser Datenschutzerkl\u00e4rung werden die Begriffe gem\u00e4ss Europ\u00e4ischer Datenschutz-Grundverordnung (EU-DSGVO) verwendet.<\/p>\n<p>Bei Fragen, Bedenken, Anregungen oder f\u00fcr Auskunftsbegehren wenden Sie sich bitte an<\/p>\n<p>Spenglerei Frei AG<br>Alpeli 1<br>8840 Trachslau<br>Schweiz<\/p>\n<p>Telefon:<br><a href=\"tel:0554121828\">+41 55 412 18 28<\/a><\/p>\n<p>E-Mail:<br><a href=\"javascript:DeCryptX('0i1o3i1p2B1t3s0e0n0g3o1f1s2g3l301g1s2g2k202e2j')\"><span style=\"color: var( --e-global-color-text ); font-family: var( --e-global-typography-text-font-family ), Sans-serif; font-size: 1rem; font-weight: var( --e-global-typography-text-font-weight );\"><a href=\"javascript:DeCryptX('0i1o3i1p2B1t3s0e0n0g3o1f1s2g3l301g1s2g2k202e2j')\">info@spenglerei-frei.ch<\/a><\/span><\/a><\/p>\n<p><span style=\"color: var( --e-global-color-text ); font-family: var( --e-global-typography-text-font-family ), Sans-serif; font-size: 1rem;\"><b>Verwendungszweck<\/b><\/span><\/p>\n<p>Ihre personenbezogenen Daten werden ausschliesslich zu den von Ihnen gew\u00fcnschten Zwecken, wie Informationsbeschaffung, Website-Nutzung, Kontaktaufnahme, Offertanfragen, Bezug von Remote-Dienstleistungen oder zur Vertragserf\u00fcllung durch Spenglerei Frei AG, d.h. zur Erf\u00fcllung unserer vertraglichen Verpflichtung Ihnen gegen\u00fcber, erfasst, gespeichert, bereitgestellt, ge\u00e4ndert oder gel\u00f6scht. Ihre personenbezogenen Daten werden nur an Dritte mit Ihrem ausdr\u00fccklichen Einverst\u00e4ndnis weitergegeben oder falls Spenglerei Frei AG von Gesetzes wegen dazu verpflichtet ist.<\/p>\n<p><b>Speicherdauer<\/b><\/p>\n<p>Ihre personenbezogenen Daten werden von uns nur so lange gespeichert, wie sie zur Erbringung einer von Ihnen angeforderten Dienstleistung ben\u00f6tigen und solange, wie eine Einwilligung von Ihnen vorliegt, sofern keine weitergehenden gesetzlichen Bestimmungen dies vorschreiben (z.B. im Rahmen eines Rechtsstreits).\u2028F\u00fcr Daten, die im Zusammenhang mit Cookies gespeichert werden, gelten die Bestimmungen der&nbsp;<span style=\"color: var( --e-global-color-text ); font-family: var( --e-global-typography-text-font-family ), Sans-serif; font-weight: var( --e-global-typography-text-font-weight ); font-size: 1rem;\">Cookie-Richtlinie<\/span><\/p>\n<p><b>Sicherheit<\/b><\/p>\n<p>Spenglerei Frei AG setzt alle in ihrer M\u00f6glichkeit stehenden organisatorischen und technischen Massnahmen ein, um die Sicherheit Ihrer personenbezogenen Daten zu gew\u00e4hrleisten und diese vor unbefugter Ver\u00e4nderung, Zugriff, Vernichtung oder Ver\u00f6ffentlichung zu sch\u00fctzen. Unsere Sicherheitsmassnahmen werden laufend an die aktuellen technologischen Entwicklungen angepasst.<\/p>\n<p><b>Kinder<\/b><\/p>\n<p>Wir verarbeiten keine Daten von Personen, von denen uns bekannt ist, dass sie das 16. Altersjahr noch nicht erreicht haben, es sei denn, ihr gesetzlicher Vertreter hat dazu sein Einverst\u00e4ndnis gegeben.<\/p>\n<p><b>Ihre Rechte<\/b><\/p>\n<p>Sie haben das Recht, von Spenglerei Frei AG jederzeit folgendes anzufragen:<\/p>\n<ul>\n<li>Auskunft \u00fcber Ihre personenbezogenen Daten<\/li>\n<li>Berichtigung Ihrer personenbezogenen Daten<\/li>\n<li>L\u00f6schung Ihrer personenbezogenen Daten<\/li>\n<li>Der Bearbeitung Ihrer personenbezogenen Daten zu widersprechen oder diese einzuschr\u00e4nken<\/li>\n<li>\u00dcbertragung Ihrer personenbezogenen Daten<\/li>\n<\/ul>\n<p>Sie haben zudem jederzeit das Recht, eine erteilte Einwilligung zu widerrufen, um die zuk\u00fcnftige Bearbeitung durch Spenglerei Frei AG einzustellen.<\/p>\n<p>Entsprechende Anfragen stellen Sie bitte per Email oder schriftlich an die Kontaktadresse.<\/p>\n<p>Wenn Sie in der EU ans\u00e4ssig sind, haben Sie zudem das Recht, bei einer EU-Aufsichtsbeh\u00f6rde Beschwerde einzureichen.<\/p>\n<p><b>2. &nbsp;&nbsp;&nbsp;&nbsp;&nbsp;&nbsp;&nbsp;&nbsp; Cookie-Richtlinie<\/b><\/p>\n<p>Diese Website verwendet Cookies. Cookies sind kleine Textdateien, die beim Besuch dieser Website in Ihrem Computer dauerhaft oder tempor\u00e4r gespeichert werden. Zweck der Cookies ist insbesondere die Analyse der Nutzung dieser Website zur statistischen Auswertung sowie f\u00fcr kontinuierliche Verbesserungen.<br>In Ihrem Browser k\u00f6nnen Sie Cookies in den Einstellungen jederzeit ganz oder teilweise deaktivieren. Bei deaktivierten Cookies stehen Ihnen allenfalls nicht mehr alle Funktionen dieser Website zur Verf\u00fcgung.<\/p>\n<p><b>Welche Cookies verwenden wir?<\/b><\/p>\n<p><b>Google Analytics<\/b><\/p>\n<p>Wie viele andere Websites nutzen auch wir Google Analytics, um Statistiken \u00fcber die Nutzung unserer Website zu erhalten und dadurch unser Angebot verbessern zu k\u00f6nnen.<\/p>\n<p>Im Gegensatz zur Standardeinstellung haben wir Google Analytics so konfiguriert, dass Ihre IP-Adresse anonymisiert und nicht vollst\u00e4ndig gespeichert wird. Damit k\u00f6nnen wir (und Google) die gesammelten Informationen nicht auf eine bestimmte Person zur\u00fcckverfolgen.<\/p>\n<p><b>Social Plugins<\/b><\/p>\n<p>Auf unserer Website setzen wir teilweise Social Plugins von Sozialen Netzwerken wie Facebook, Google+ und Twitter ein. Die Inhalte dieser Plugins werden direkt von den entsprechenden Sozialen Webseiten \u00fcbermittelt. Falls Sie gerade bei einem der Sozialen Dienste eingeloggt sind, kann dieser Ihren Besuch auf unserer Seite registrieren.<\/p>\n<p>Wenn Sie nicht m\u00f6chten, dass Ihr Surfverhalten von Facebook, Twitter, LinkedIn etc. aufgezeichnet wird, loggen Sie sich immer bei den sozialen Netzwerken aus.<\/p>\n<p><b>Retargeting<\/b><\/p>\n<p>Wir setzen auf unserer Website sogenannte Retargeting-Tags ein, um Ihnen auf Websites von Werbeanbietern, wie z.B. Google oder Facebook Werbung zu unserem Angebot zu zeigen. F\u00fcr das Retargeting werden entsprechende Cookies auf Ihrem Computer gespeichert.<br>Wenn Sie nicht m\u00f6chten, dass Werbung zu unserem Angebot auf unserer oder anderen Websites gezeigt werden, k\u00f6nnen Sie diese Cookies in Ihrem Browser deaktivieren.<\/p>\n<p>Wenn Sie zur Verwendung von Cookies auf unserer Website Fragen haben oder Ihre erteilte Zustimmung widerrufen m\u00f6chten, wenden Sie sich bitte schriftlich oder per Email an<\/p>\n<p>Spenglerei Frei AG<br>Alpeli 1<br>8840 Trachslau<br>Schweiz<\/p>\n<p>Telefon:<br><a href=\"tel:0554121828\">+41 55 412 18 28<\/a><\/p>\n<p>E-Mail:<br><a href=\"javascript:DeCryptX('1j3q0f2q2B2u3s2g1o2i1m0e1s0e2k302h2t0e3l0.2e1i')\">info@spenglerei-frei.ch<\/a><\/p><\/div>\n\t\t\t\t\t\t\t\t\t<div class=\"elementor-tab-title elementor-tab-mobile-title\" aria-selected=\"false\" data-tab=\"3\" role=\"tab\" tabindex=\"-1\" aria-controls=\"elementor-tab-content-4463\" aria-expanded=\"false\">Konzept, Design & Umsetzung<\/div>\n\t\t\t\t\t<div id=\"elementor-tab-content-4463\" class=\"elementor-tab-content elementor-clearfix\" data-tab=\"3\" role=\"tabpanel\" aria-labelledby=\"elementor-tab-title-4463\" tabindex=\"0\" hidden=\"hidden\"><p><a href=\"https:\/\/einszueins-agentur.ch\" target=\"_blank\" rel=\"noopener\">einszueins agentur gmbh<\/a>, Einsiedeln<\/p><\/div>\n\t\t\t\t\t\t\t<\/div>\n\t\t<\/div>\n\t\t\t\t<\/div>\n\t\t\t\t<\/div>\n\t\t\t\t\t<\/div>\n\t\t\t\t<\/div>\n\t\t\t\t<\/div>\n\t\t","protected":false},"excerpt":{"rendered":"<p>Impressum Datenschutz Konzept, Design &#038; Umsetzung Impressum Kontakt-Adresse Spenglerei Frei AGAlpeli 18840 TrachslauSchweiz Telefon:+41 55 412 18 28 E-Mail:info@spenglerei-frei.ch Vertretungsberechtigte Person(en) Walter Frei, Gesch\u00e4ftsf\u00fchrer Kevin Frei, Gesch\u00e4ftsleitung Handelsregister-Eintrag Eingetragener Firmenname: Spenglerei Frei AGHandelsregister Nr:\u00a0CH-130.0.010.235-5\u00a0 Mehrwertsteuer-Nummer CH-130.0.010.235-5 Rechtlicher Hinweis und Haftungsausschluss S\u00e4mtliche Inhalte der Website dienen ausschliesslich zu Informationszwecken und stellen kein Angebot oder Verpflichtungen von [&hellip;]<\/p>\n","protected":false},"author":1,"featured_media":0,"parent":0,"menu_order":0,"comment_status":"closed","ping_status":"closed","template":"","meta":{"footnotes":""},"_links":{"self":[{"href":"https:\/\/spenglerei-frei.ch\/index.php\/wp-json\/wp\/v2\/pages\/302"}],"collection":[{"href":"https:\/\/spenglerei-frei.ch\/index.php\/wp-json\/wp\/v2\/pages"}],"about":[{"href":"https:\/\/spenglerei-frei.ch\/index.php\/wp-json\/wp\/v2\/types\/page"}],"author":[{"embeddable":true,"href":"https:\/\/spenglerei-frei.ch\/index.php\/wp-json\/wp\/v2\/users\/1"}],"replies":[{"embeddable":true,"href":"https:\/\/spenglerei-frei.ch\/index.php\/wp-json\/wp\/v2\/comments?post=302"}],"version-history":[{"count":49,"href":"https:\/\/spenglerei-frei.ch\/index.php\/wp-json\/wp\/v2\/pages\/302\/revisions"}],"predecessor-version":[{"id":1034,"href":"https:\/\/spenglerei-frei.ch\/index.php\/wp-json\/wp\/v2\/pages\/302\/revisions\/1034"}],"wp:attachment":[{"href":"https:\/\/spenglerei-frei.ch\/index.php\/wp-json\/wp\/v2\/media?parent=302"}],"curies":[{"name":"wp","href":"https:\/\/api.w.org\/{rel}","templated":true}]}}